{"id":1745,"date":"2018-03-09T17:29:10","date_gmt":"2018-03-09T17:29:10","guid":{"rendered":"https:\/\/www.cadersa.es\/gesamtkatalog\/cadenas-eslabones\/"},"modified":"2018-03-21T16:47:14","modified_gmt":"2018-03-21T16:47:14","slug":"geschweisste-ketten","status":"publish","type":"page","link":"https:\/\/www.cadersa.es\/de\/gesamtkatalog\/geschweisste-ketten\/","title":{"rendered":"Geschwei\u00dfte Ketten"},"content":{"rendered":"<div class=\"wpb-content-wrapper\">[vc_row][vc_column width=&#8220;1\/2&#8243;][vc_column_text]\n<h1><a href=\"https:\/\/www.cadersa.es\/de\/gesamtkatalog\/\">Gesamtkatalog &#8211; Ketten<\/a><\/h1>\n<h2>Geschwei\u00dfte Ketten <\/h2>\n<ul class=\"lcp_catlist\" id=\"lcp_instance_0\"><li><a href=\"https:\/\/www.cadersa.es\/de\/asas-din-745-5699\/\">ASAS DIN 745\/5699<\/a><\/li><li><a href=\"https:\/\/www.cadersa.es\/de\/din-764-geschweisste-ketten\/\">DIN-764 geschwei\u00dfte Ketten<\/a><\/li><li><a href=\"https:\/\/www.cadersa.es\/de\/din-766-geschweisste-ketten\/\">DIN-766 geschwei\u00dfte Ketten<\/a><\/li><li><a href=\"https:\/\/www.cadersa.es\/de\/technische-daten-von-geschweissten-ketten\/\">Technische Daten von geschwei\u00dften Ketten<\/a><\/li><li><a href=\"https:\/\/www.cadersa.es\/de\/din-745-schaekel-fuer-elevatorbecher\/\">DIN-745 Sch\u00e4kel f\u00fcr Elevatorbecher<\/a><\/li><li><a href=\"https:\/\/www.cadersa.es\/de\/din-5699-schaekel-fuer-elevatorbecher\/\">DIN-5699 Sch\u00e4kel f\u00fcr Elevatorbecher<\/a><\/li><li><a href=\"https:\/\/www.cadersa.es\/de\/din-745-5699-schaekel-fuer-elevatorbecher-und-schaekel-fuer-planierpfluege-raupenkraene\/\">DIN-745\/5699 Sch\u00e4kel f\u00fcr Elevatorbecher und Sch\u00e4kel f\u00fcr Planierpfl\u00fcge\/Raupenkr\u00e4ne<\/a><\/li><\/ul>[\/vc_column_text][\/vc_column][vc_column width=&#8220;1\/2&#8243;][\/vc_column][\/vc_row]\n<\/div>","protected":false},"excerpt":{"rendered":"[vc_row][vc_column width=&#8220;1\/2&#8243;][vc_column_text] Gesamtkatalog &#8211; Ketten Geschwei\u00dfte Ketten [\/vc_column_text][\/vc_column][vc_column width=&#8220;1\/2&#8243;][\/vc_column][\/vc_row]\n","protected":false},"author":1,"featured_media":0,"parent":605,"menu_order":0,"comment_status":"closed","ping_status":"closed","template":"","meta":{"footnotes":""},"class_list":["post-1745","page","type-page","status-publish","hentry"],"_links":{"self":[{"href":"https:\/\/www.cadersa.es\/de\/wp-json\/wp\/v2\/pages\/1745","targetHints":{"allow":["GET"]}}],"collection":[{"href":"https:\/\/www.cadersa.es\/de\/wp-json\/wp\/v2\/pages"}],"about":[{"href":"https:\/\/www.cadersa.es\/de\/wp-json\/wp\/v2\/types\/page"}],"author":[{"embeddable":true,"href":"https:\/\/www.cadersa.es\/de\/wp-json\/wp\/v2\/users\/1"}],"replies":[{"embeddable":true,"href":"https:\/\/www.cadersa.es\/de\/wp-json\/wp\/v2\/comments?post=1745"}],"version-history":[{"count":1,"href":"https:\/\/www.cadersa.es\/de\/wp-json\/wp\/v2\/pages\/1745\/revisions"}],"predecessor-version":[{"id":1746,"href":"https:\/\/www.cadersa.es\/de\/wp-json\/wp\/v2\/pages\/1745\/revisions\/1746"}],"up":[{"embeddable":true,"href":"https:\/\/www.cadersa.es\/de\/wp-json\/wp\/v2\/pages\/605"}],"wp:attachment":[{"href":"https:\/\/www.cadersa.es\/de\/wp-json\/wp\/v2\/media?parent=1745"}],"curies":[{"name":"wp","href":"https:\/\/api.w.org\/{rel}","templated":true}]}}