{"id":572,"date":"2018-02-07T12:03:16","date_gmt":"2018-02-07T12:03:16","guid":{"rendered":"http:\/\/www.cadersa.es\/web\/empresa\/"},"modified":"2024-05-17T08:04:47","modified_gmt":"2024-05-17T08:04:47","slug":"unternehmen","status":"publish","type":"page","link":"https:\/\/www.cadersa.es\/de\/unternehmen\/","title":{"rendered":"Unternehmen"},"content":{"rendered":"<div class=\"wpb-content-wrapper\">[vc_row][vc_column][vc_column_text]\n<h1>Unternehmen<\/h1>\n[\/vc_column_text][\/vc_column][\/vc_row][vc_row][vc_column width=&#8220;1\/2&#8243;][vc_column_text]Cadersa ist heute eines der f\u00fchrenden Unternehmens in Spanien in der Herstellung von F\u00f6rderketten f\u00fcr alle Bereiche der Industrie. Mit mehr als 50 Jahren Erfahrung sind wir Spezialisten f\u00fcr Ersatzteile und Erstausr\u00fcstung der Industrie im Allgemeinen. Dank der Tests, die wir im direkten Kontakt mit dem Wartungspersonal unserer Kunden durchf\u00fchren, kennen wir den Markt sehr gut. Diese enge Beziehung hat es uns erm\u00f6glicht, unsere Ketten und R\u00e4der immer nach den tats\u00e4chlichen Bed\u00fcrfnissen des Kunden zu gestalten und somit ihre Installationen zu verbessern.<\/p>\n<p>All diese Jahre Erfahrung haben uns dazu gebracht, L\u00f6sungen in einer Vielzahl von Sektoren anzubieten, haupts\u00e4chlich f\u00fcr die Zement- und Bergbauindustrie.<\/p>\n<p>Unsere Herstellungsphilosophie liegt in der &#8222;ma\u00dfgeschneiderten&#8220; Kette, die nach ganz spezifischen Bed\u00fcrfnissen hergestellt wird. Unsere F\u00f6rderkette ist das Ergebnis einer spezialisierten technischen Beratung und der Bereitstellung von L\u00f6sungen f\u00fcr bestimmte Probleme.[\/vc_column_text][\/vc_column][vc_column width=&#8220;1\/2&#8243;][vc_images_carousel images=&#8220;459,460,461,462,463,464,465&#8243; img_size=&#8220;510&#215;400&#8243; autoplay=&#8220;yes&#8220; wrap=&#8220;yes&#8220;][\/vc_column][\/vc_row][vc_row][vc_column width=&#8220;1\/2&#8243;][vc_images_carousel images=&#8220;789,790,791,792,793,794&#8243; img_size=&#8220;510&#215;400&#8243; autoplay=&#8220;yes&#8220; wrap=&#8220;yes&#8220;][\/vc_column][vc_column width=&#8220;1\/2&#8243;][vc_column_text]\n<h2>ISO 9001- Tests<\/h2>\n<p>In unserem Bestreben, die anspruchsvollsten Bed\u00fcrfnisse unserer Kunden zu erf\u00fcllen, haben wir das Qualit\u00e4tssystem <a style=\"text-decoration: underline;\" href=\"https:\/\/www.cadersa.es\/web\/wp-content\/uploads\/2024\/05\/9001-cast-CADENAS-Y-DERIVADOS_signed.pdf\" target=\"_blank\" rel=\"noopener\"><strong>UNE-EN-ISO 9001:2015<\/strong><\/a> aktualisiert.<\/p>\n<p>Auf diese Weise sind wir in CADERSA st\u00e4ndig auf der Suche nach kontinuierlicher Verbesserung, um effektiv das Vertrauen unserer Kunden weiterhin aufrechterhalten.<\/p>\n<p>In Cadersa haben wir ein Testlabor, in dem wir unsere anspruchsvollste Qualit\u00e4tskontrolle durchf\u00fchren.<\/p>\n<p style=\"text-align: center;\"><a style=\"text-decoration: underline;\" href=\"https:\/\/www.cadersa.es\/politica-de-calidad\/\" target=\"_blank\" rel=\"noopener\"><strong>Qualit\u00e4tsrichtlinie CADERSA<\/strong><\/a><\/p>\n[\/vc_column_text][\/vc_column][\/vc_row]\n<\/div>","protected":false},"excerpt":{"rendered":"[vc_row][vc_column][vc_column_text] Unternehmen [\/vc_column_text][\/vc_column][\/vc_row][vc_row][vc_column width=&#8220;1\/2&#8243;][vc_column_text]Cadersa ist heute eines der f\u00fchrenden Unternehmens in Spanien in der Herstellung von F\u00f6rderketten f\u00fcr alle Bereiche der Industrie. Mit mehr als 50 Jahren Erfahrung sind wir Spezialisten f\u00fcr Ersatzteile und Erstausr\u00fcstung der Industrie im Allgemeinen. Dank der Tests, die wir im direkten Kontakt mit dem Wartungspersonal unserer Kunden durchf\u00fchren, kennen wir [&#8230;]\n","protected":false},"author":1,"featured_media":0,"parent":0,"menu_order":0,"comment_status":"closed","ping_status":"closed","template":"","meta":{"footnotes":""},"class_list":["post-572","page","type-page","status-publish","hentry"],"_links":{"self":[{"href":"https:\/\/www.cadersa.es\/de\/wp-json\/wp\/v2\/pages\/572","targetHints":{"allow":["GET"]}}],"collection":[{"href":"https:\/\/www.cadersa.es\/de\/wp-json\/wp\/v2\/pages"}],"about":[{"href":"https:\/\/www.cadersa.es\/de\/wp-json\/wp\/v2\/types\/page"}],"author":[{"embeddable":true,"href":"https:\/\/www.cadersa.es\/de\/wp-json\/wp\/v2\/users\/1"}],"replies":[{"embeddable":true,"href":"https:\/\/www.cadersa.es\/de\/wp-json\/wp\/v2\/comments?post=572"}],"version-history":[{"count":6,"href":"https:\/\/www.cadersa.es\/de\/wp-json\/wp\/v2\/pages\/572\/revisions"}],"predecessor-version":[{"id":2265,"href":"https:\/\/www.cadersa.es\/de\/wp-json\/wp\/v2\/pages\/572\/revisions\/2265"}],"wp:attachment":[{"href":"https:\/\/www.cadersa.es\/de\/wp-json\/wp\/v2\/media?parent=572"}],"curies":[{"name":"wp","href":"https:\/\/api.w.org\/{rel}","templated":true}]}}