{"id":608,"date":"2016-02-18T15:10:52","date_gmt":"2016-02-18T15:10:52","guid":{"rendered":"http:\/\/www.cadersa.es\/web\/simple-corporate\/"},"modified":"2023-03-27T07:11:52","modified_gmt":"2023-03-27T07:11:52","slug":"simple-corporate-2","status":"publish","type":"page","link":"https:\/\/www.cadersa.es\/de\/","title":{"rendered":"Corporate"},"content":{"rendered":"<div class=\"slider-wrapper relative\" id=\"slider-743057481\" >\n    <div class=\"slider slider-nav-circle slider-nav-large slider-nav-light slider-style-normal\"\n        data-flickity-options='{\n            \"cellAlign\": \"center\",\n            \"imagesLoaded\": true,\n            \"lazyLoad\": 1,\n            \"freeScroll\": false,\n            \"wrapAround\": true,\n            \"autoPlay\": 6000,\n            \"pauseAutoPlayOnHover\" : true,\n            \"prevNextButtons\": true,\n            \"contain\" : true,\n            \"adaptiveHeight\" : true,\n            \"dragThreshold\" : 10,\n            \"percentPosition\": true,\n            \"pageDots\": true,\n            \"rightToLeft\": false,\n            \"draggable\": true,\n            \"selectedAttraction\": 0.1,\n            \"parallax\" : 0,\n            \"friction\": 0.6        }'\n        >\n        \n\n  <div class=\"banner has-hover\" id=\"banner-1245031744\">\n          <div class=\"banner-inner fill\">\n        <div class=\"banner-bg fill\" >\n            <img loading=\"lazy\" decoding=\"async\" width=\"1000\" height=\"775\" src=\"https:\/\/www.cadersa.es\/web\/wp-content\/uploads\/2018\/02\/0321.jpg\" class=\"bg attachment-orginal size-orginal\" alt=\"\" \/>                                    \n                    <\/div>\n\t\t\n        <div class=\"banner-layers container\">\n            <div class=\"fill banner-link\"><\/div>            \n   <div id=\"text-box-144191671\" class=\"text-box banner-layer x50 md-x50 lg-x50 y85 md-y85 lg-y85 res-text\">\n                                <div class=\"text-box-content text dark\">\n              \n              <div class=\"text-inner text-left\">\n                  \n<h3 style=\"text-align: center;\"><span style=\"color: #282828;\">Hersteller von Ketten und Spezialr\u00e4dern<\/span><\/h3>\n              <\/div>\n           <\/div>\n                            \n<style>\n#text-box-144191671 .text-box-content {\n  background-color: rgb(255, 255, 255);\n  font-size: 100%;\n}\n#text-box-144191671 .text-inner {\n  padding: 10px 10px 10px 10px;\n}\n#text-box-144191671 {\n  width: 60%;\n}\n@media (min-width:550px) {\n  #text-box-144191671 {\n    width: 65%;\n  }\n}\n<\/style>\n    <\/div>\n \n        <\/div>\n      <\/div>\n\n            \n<style>\n#banner-1245031744 {\n  padding-top: 637px;\n}\n#banner-1245031744 .banner-bg img {\n  object-position: 62% 60%;\n}\n<\/style>\n  <\/div>\n\n\n\n  <div class=\"banner has-hover\" id=\"banner-100537530\">\n          <div class=\"banner-inner fill\">\n        <div class=\"banner-bg fill\" >\n            <img loading=\"lazy\" decoding=\"async\" width=\"1020\" height=\"765\" src=\"https:\/\/www.cadersa.es\/web\/wp-content\/uploads\/2018\/02\/1106-GAS-NATURAL-Octubre-2011-1067x800.jpg\" class=\"bg attachment-large size-large\" alt=\"\" \/>                                    \n                    <\/div>\n\t\t\n        <div class=\"banner-layers container\">\n            <div class=\"fill banner-link\"><\/div>            \n   <div id=\"text-box-548991011\" class=\"text-box banner-layer x50 md-x50 lg-x50 y85 md-y85 lg-y85 res-text\">\n                                <div class=\"text-box-content text dark\">\n              \n              <div class=\"text-inner text-center\">\n                  \n<h3><span style=\"color: #282828;\">Cadersa ist heute eines der f\u00fchrenden Unternehmens in Spanien in der Herstellung von F\u00f6rderketten f\u00fcr alle Bereiche der Industrie.<\/span><\/h3>\n              <\/div>\n           <\/div>\n                            \n<style>\n#text-box-548991011 .text-box-content {\n  background-color: rgb(255, 255, 255);\n  font-size: 100%;\n}\n#text-box-548991011 .text-inner {\n  padding: 10px 10px 10px 10px;\n}\n#text-box-548991011 {\n  width: 60%;\n}\n@media (min-width:550px) {\n  #text-box-548991011 {\n    width: 79%;\n  }\n}\n<\/style>\n    <\/div>\n \n        <\/div>\n      <\/div>\n\n            \n<style>\n#banner-100537530 {\n  padding-top: 637px;\n}\n#banner-100537530 .banner-bg img {\n  object-position: 62% 68%;\n}\n<\/style>\n  <\/div>\n\n\n\n  <div class=\"banner has-hover\" id=\"banner-2132015454\">\n          <div class=\"banner-inner fill\">\n        <div class=\"banner-bg fill\" >\n            <img loading=\"lazy\" decoding=\"async\" width=\"1000\" height=\"621\" src=\"https:\/\/www.cadersa.es\/web\/wp-content\/uploads\/2018\/02\/0345.jpg\" class=\"bg attachment-large size-large\" alt=\"\" \/>                                    \n                    <\/div>\n\t\t\n        <div class=\"banner-layers container\">\n            <div class=\"fill banner-link\"><\/div>            \n   <div id=\"text-box-359697723\" class=\"text-box banner-layer x50 md-x50 lg-x50 y80 md-y80 lg-y80 res-text\">\n                                <div class=\"text-box-content text dark\">\n              \n              <div class=\"text-inner text-center\">\n                  \n<h3><span style=\"color: #282828;\">Mit mehr als 50 Jahren Erfahrung <\/span><\/h3>\n              <\/div>\n           <\/div>\n                            \n<style>\n#text-box-359697723 .text-box-content {\n  background-color: rgb(255, 255, 255);\n  font-size: 100%;\n}\n#text-box-359697723 .text-inner {\n  padding: 10px 10px 10px 10px;\n}\n#text-box-359697723 {\n  width: 60%;\n}\n@media (min-width:550px) {\n  #text-box-359697723 {\n    width: 68%;\n  }\n}\n<\/style>\n    <\/div>\n \n        <\/div>\n      <\/div>\n\n            \n<style>\n#banner-2132015454 {\n  padding-top: 637px;\n}\n#banner-2132015454 .banner-bg img {\n  object-position: 62% 68%;\n}\n<\/style>\n  <\/div>\n\n\n\n  <div class=\"banner has-hover\" id=\"banner-886302343\">\n          <div class=\"banner-inner fill\">\n        <div class=\"banner-bg fill\" >\n            <img loading=\"lazy\" decoding=\"async\" width=\"1000\" height=\"644\" src=\"https:\/\/www.cadersa.es\/web\/wp-content\/uploads\/2018\/02\/0343.jpg\" class=\"bg attachment-large size-large\" alt=\"\" \/>                                    \n                    <\/div>\n\t\t\n        <div class=\"banner-layers container\">\n            <div class=\"fill banner-link\"><\/div>            \n   <div id=\"text-box-2132078576\" class=\"text-box banner-layer x50 md-x50 lg-x50 y80 md-y80 lg-y80 res-text\">\n                                <div class=\"text-box-content text dark\">\n              \n              <div class=\"text-inner text-center\">\n                  \n<h3><span style=\"color: #282828;\">Spezialisten f\u00fcr Ersatzteile und Erstausr\u00fcstung der Industrie im Allgemeinen.<\/span><\/h3>\n              <\/div>\n           <\/div>\n                            \n<style>\n#text-box-2132078576 .text-box-content {\n  background-color: rgb(255, 255, 255);\n  font-size: 100%;\n}\n#text-box-2132078576 .text-inner {\n  padding: 10px 10px 10px 10px;\n}\n#text-box-2132078576 {\n  width: 60%;\n}\n@media (min-width:550px) {\n  #text-box-2132078576 {\n    width: 64%;\n  }\n}\n<\/style>\n    <\/div>\n \n        <\/div>\n      <\/div>\n\n            \n<style>\n#banner-886302343 {\n  padding-top: 637px;\n}\n#banner-886302343 .banner-bg img {\n  object-position: 62% 68%;\n}\n<\/style>\n  <\/div>\n\n\n     <\/div>\n\n     <div class=\"loading-spin dark large centered\"><\/div>\n\n\t<\/div>\n\n\n\n\t<section class=\"section\" id=\"section_540066027\">\n\t\t<div class=\"section-bg fill\" >\n\t\t\t\t\t\t\t\t\t\n\t\t\t\n\n\t\t<\/div>\n\n\t\t\n\n\t\t<div class=\"section-content relative\">\n\t\t\t\n<div class=\"row row-large align-center row-divided\"  id=\"row-1209468425\">\n\n\t<div id=\"col-1263272312\" class=\"col medium-4 large-4\"  >\n\t\t\t\t<div class=\"col-inner\"  >\n\t\t\t\n\t\t\t\n\n\t\t<div class=\"icon-box featured-box icon-box-center text-center\"  style=\"margin:0px 0px 0px 0px;\">\n\t\t\t\t\t<div class=\"icon-box-img has-icon-bg\" style=\"width: 60px\">\n\t\t\t\t<div class=\"icon\">\n\t\t\t\t\t<div class=\"icon-inner\" style=\"border-width:2px;\">\n\t\t\t\t\t\t<img loading=\"lazy\" decoding=\"async\" width=\"300\" height=\"195\" src=\"https:\/\/www.cadersa.es\/web\/wp-content\/uploads\/2016\/08\/dummy-1-300x195.jpg\" class=\"attachment-medium size-medium\" alt=\"\" srcset=\"https:\/\/www.cadersa.es\/web\/wp-content\/uploads\/2016\/08\/dummy-1-300x195.jpg 300w, https:\/\/www.cadersa.es\/web\/wp-content\/uploads\/2016\/08\/dummy-1.jpg 400w\" sizes=\"auto, (max-width: 300px) 100vw, 300px\" \/>\t\t\t\t\t<\/div>\n\t\t\t\t<\/div>\n\t\t\t<\/div>\n\t\t\t\t<div class=\"icon-box-text last-reset\">\n\t\t\t<h5 class=\"uppercase\">F\u00fchrendes Unternehmen<\/h5>\t\t\t\t\t\t\n<p>Cadersa ist heute eines der f\u00fchrenden Unternehmens in Spanien in der Herstellung von F\u00f6rderketten f\u00fcr alle Bereiche der Industrie.<\/p>\n\t\t<\/div>\n\t<\/div>\n\t\n\t\n\t\t<\/div>\n\t\t\t\t\t<\/div>\n\n\t\n\n\t<div id=\"col-1047520903\" class=\"col medium-4 large-4\"  >\n\t\t\t\t<div class=\"col-inner\"  >\n\t\t\t\n\t\t\t\n\n\t\t<div class=\"icon-box featured-box icon-box-center text-center\"  style=\"margin:0px 0px 0px 0px;\">\n\t\t\t\t\t<div class=\"icon-box-img has-icon-bg\" style=\"width: 60px\">\n\t\t\t\t<div class=\"icon\">\n\t\t\t\t\t<div class=\"icon-inner\" style=\"border-width:2px;\">\n\t\t\t\t\t\t<img loading=\"lazy\" decoding=\"async\" width=\"300\" height=\"195\" src=\"https:\/\/www.cadersa.es\/web\/wp-content\/uploads\/2016\/08\/dummy-1-300x195.jpg\" class=\"attachment-medium size-medium\" alt=\"\" srcset=\"https:\/\/www.cadersa.es\/web\/wp-content\/uploads\/2016\/08\/dummy-1-300x195.jpg 300w, https:\/\/www.cadersa.es\/web\/wp-content\/uploads\/2016\/08\/dummy-1.jpg 400w\" sizes=\"auto, (max-width: 300px) 100vw, 300px\" \/>\t\t\t\t\t<\/div>\n\t\t\t\t<\/div>\n\t\t\t<\/div>\n\t\t\t\t<div class=\"icon-box-text last-reset\">\n\t\t\t<h5 class=\"uppercase\">Kettenspezialisten<\/h5>\t\t\t\t\t\t\n<p>L\u00f6sungen in einer Vielzahl von Sektoren anzubieten, haupts\u00e4chlich f\u00fcr die Zement- und Bergbauindustrie.<\/p>\n\t\t<\/div>\n\t<\/div>\n\t\n\t\n\t\t<\/div>\n\t\t\t\t\t<\/div>\n\n\t\n\n\t<div id=\"col-623913530\" class=\"col medium-4 large-4\"  >\n\t\t\t\t<div class=\"col-inner\"  >\n\t\t\t\n\t\t\t\n\n\t\t<div class=\"icon-box featured-box icon-box-center text-center\"  style=\"margin:0px 0px 0px 0px;\">\n\t\t\t\t\t<div class=\"icon-box-img has-icon-bg\" style=\"width: 60px\">\n\t\t\t\t<div class=\"icon\">\n\t\t\t\t\t<div class=\"icon-inner\" style=\"border-width:2px;\">\n\t\t\t\t\t\t<img loading=\"lazy\" decoding=\"async\" width=\"300\" height=\"195\" src=\"https:\/\/www.cadersa.es\/web\/wp-content\/uploads\/2016\/08\/dummy-1-300x195.jpg\" class=\"attachment-medium size-medium\" alt=\"\" srcset=\"https:\/\/www.cadersa.es\/web\/wp-content\/uploads\/2016\/08\/dummy-1-300x195.jpg 300w, https:\/\/www.cadersa.es\/web\/wp-content\/uploads\/2016\/08\/dummy-1.jpg 400w\" sizes=\"auto, (max-width: 300px) 100vw, 300px\" \/>\t\t\t\t\t<\/div>\n\t\t\t\t<\/div>\n\t\t\t<\/div>\n\t\t\t\t<div class=\"icon-box-text last-reset\">\n\t\t\t<h5 class=\"uppercase\">Mit mehr als 50 Jahren Erfahrung<\/h5>\t\t\t\t\t\t\n<p>Mit mehr als 50 Jahren Erfahrung sind wir Spezialisten f\u00fcr Ersatzteile und Erstausr\u00fcstung der Industrie im Allgemeinen<\/p>\n\t\t<\/div>\n\t<\/div>\n\t\n\t\n\t\t<\/div>\n\t\t\t\t\t<\/div>\n\n\t\n<\/div>\n\t\t<\/div>\n\n\t\t\n<style>\n#section_540066027 {\n  padding-top: 30px;\n  padding-bottom: 30px;\n  background-color: rgb(255, 255, 255);\n}\n<\/style>\n\t<\/section>\n\t\n<div class=\"message-box relative dark\" style=\"padding-top:36px;padding-bottom:36px;\"><div class=\"message-box-bg-image bg-fill fill\" ><\/div><div class=\"message-box-bg-overlay bg-fill fill\" style=\"background-color:rgb(74, 74, 74);\"><\/div><div class=\"container relative\"><div class=\"inner last-reset\">\n<div class=\"row align-middle\"  id=\"row-1307963230\">\n\n\t<div id=\"col-784623433\" class=\"col medium-7 small-12 large-7\"  >\n\t\t\t\t<div class=\"col-inner\"  >\n\t\t\t\n\t\t\t\n<h2 class=\"uppercase\">Hersteller von Ketten und Spezialr\u00e4dern<\/h2>\n\t\t<\/div>\n\t\t\t\t\t<\/div>\n\n\t\n\n\t<div id=\"col-2103949663\" class=\"col medium-5 small-12 large-5\"  >\n\t\t\t\t<div class=\"col-inner text-right\"  >\n\t\t\t\n\t\t\t\n<a data-animate=\"flipInY\" href=\"\/de\/gesamtkatalog\/\" class=\"button white is-outline is-larger\"  >\n\t\t<span>Gesamtkatalog<\/span>\n\t<\/a>\n\n\t\t<\/div>\n\t\t\t\t\t<\/div>\n\n\t\n<\/div>\n<\/div><\/div><\/div>\n\n\t<section class=\"section\" id=\"section_1704508658\">\n\t\t<div class=\"section-bg fill\" >\n\t\t\t\t\t\t\t\t\t<div class=\"section-bg-overlay absolute fill\"><\/div>\n\t\t\t\n\t<div class=\"is-border\"\n\t\tstyle=\"border-width:1px 0px 1px 0px;\">\n\t<\/div>\n\n\t\t<\/div>\n\n\t\t\n\n\t\t<div class=\"section-content relative\">\n\t\t\t\n<div class=\"row row-large align-middle\"  id=\"row-1350786006\">\n\n\t<div id=\"col-1518679919\" class=\"col medium-6 small-12 large-6\"  >\n\t\t\t\t<div class=\"col-inner\"  >\n\t\t\t\n\t\t\t\n\t<div class=\"img has-hover x md-x lg-x y md-y lg-y\" id=\"image_1669447232\">\n\t\t\t\t\t\t\t\t<div class=\"img-inner box-shadow-2 dark\" >\n\t\t\t<img loading=\"lazy\" decoding=\"async\" width=\"1020\" height=\"765\" src=\"https:\/\/www.cadersa.es\/web\/wp-content\/uploads\/2018\/03\/1064-GAS-NATURAL-1067x800.jpg\" class=\"attachment-large size-large\" alt=\"\" srcset=\"https:\/\/www.cadersa.es\/web\/wp-content\/uploads\/2018\/03\/1064-GAS-NATURAL-1067x800.jpg 1067w, https:\/\/www.cadersa.es\/web\/wp-content\/uploads\/2018\/03\/1064-GAS-NATURAL-533x400.jpg 533w, https:\/\/www.cadersa.es\/web\/wp-content\/uploads\/2018\/03\/1064-GAS-NATURAL-768x576.jpg 768w\" sizes=\"auto, (max-width: 1020px) 100vw, 1020px\" \/>\t\t\t\t\t\t\n\t\t\t\t\t<\/div>\n\t\t\t\t\t\t\t\t\n<style>\n#image_1669447232 {\n  width: 100%;\n}\n<\/style>\n\t<\/div>\n\t\n\t\t<\/div>\n\t\t\t\t\t<\/div>\n\n\t\n\n\t<div id=\"col-1149376416\" class=\"col medium-6 small-12 large-6\"  >\n\t\t\t\t<div class=\"col-inner text-left\"  >\n\t\t\t\n\t\t\t\n<h2 class=\"uppercase\">Ketten<\/h2>\n<p>F\u00f6rderketten<br \/>\nRedler-Ketten<br \/>\nOffset-Kettenglieder<br \/>\nGallketten<br \/>\nBlockketten<br \/>\nFlyerketten<br \/>\nGeschwei\u00dfte Ketten<br \/>\nF\u00f6rderketten f\u00fcr den Lufttransport<br \/>\nAntriebsketten<br \/>\nRollenketten<\/p>\n<a href=\"\/de\/gesamtkatalog\/\" class=\"button primary\"  >\n\t\t<span>Zugriff auf den Katalog<\/span>\n\t<\/a>\n\n\t\t<\/div>\n\t\t\t\t\t<\/div>\n\n\t\n<\/div>\n\t\t<\/div>\n\n\t\t\n<style>\n#section_1704508658 {\n  padding-top: 60px;\n  padding-bottom: 60px;\n  background-color: rgb(193, 193, 193);\n}\n#section_1704508658 .section-bg-overlay {\n  background-color: rgba(255, 255, 255, 0.85);\n}\n<\/style>\n\t<\/section>\n\t\n\n\t<section class=\"section\" id=\"section_772972056\">\n\t\t<div class=\"section-bg fill\" >\n\t\t\t\t\t\t\t\t\t<div class=\"section-bg-overlay absolute fill\"><\/div>\n\t\t\t\n\n\t\t<\/div>\n\n\t\t\n\n\t\t<div class=\"section-content relative\">\n\t\t\t\n<div class=\"row row-large align-middle\"  id=\"row-1187868140\">\n\n\t<div id=\"col-1650928913\" class=\"col medium-6 small-12 large-6\"  >\n\t\t\t\t<div class=\"col-inner text-left\"  >\n\t\t\t\n\t\t\t\n<h2 class=\"uppercase\">R\u00e4der und Kettenr\u00e4der<\/h2>\n<p>C\u00e1lculo di\u00e1metro primitivo de ruedas y pi\u00f1ones<br \/>\nRuedas dentadas. Datos t\u00e9cnicos DIN-8187<\/p>\n<a href=\"\/de\/gesamtkatalog\/\" class=\"button primary\"  >\n\t\t<span>Zugriff auf den Katalog<\/span>\n\t<\/a>\n\n\t\t<\/div>\n\t\t\t\t\t<\/div>\n\n\t\n\n\t<div id=\"col-668510366\" class=\"col medium-6 small-12 large-6\"  >\n\t\t\t\t<div class=\"col-inner\"  >\n\t\t\t\n\t\t\t\n\t<div class=\"img has-hover x md-x lg-x y md-y lg-y\" id=\"image_660224280\">\n\t\t\t\t\t\t\t\t<div class=\"img-inner box-shadow-2 dark\" >\n\t\t\t<img loading=\"lazy\" decoding=\"async\" width=\"1000\" height=\"621\" src=\"https:\/\/www.cadersa.es\/web\/wp-content\/uploads\/2018\/03\/0345.jpg\" class=\"attachment-large size-large\" alt=\"\" srcset=\"https:\/\/www.cadersa.es\/web\/wp-content\/uploads\/2018\/03\/0345.jpg 1000w, https:\/\/www.cadersa.es\/web\/wp-content\/uploads\/2018\/03\/0345-644x400.jpg 644w, https:\/\/www.cadersa.es\/web\/wp-content\/uploads\/2018\/03\/0345-768x477.jpg 768w\" sizes=\"auto, (max-width: 1000px) 100vw, 1000px\" \/>\t\t\t\t\t\t\n\t\t\t\t\t<\/div>\n\t\t\t\t\t\t\t\t\n<style>\n#image_660224280 {\n  width: 100%;\n}\n<\/style>\n\t<\/div>\n\t\n\t\t<\/div>\n\t\t\t\t\t<\/div>\n\n\t\n<\/div>\n<div class=\"message-box relative dark\" style=\"padding-top:15px;padding-bottom:15px;\"><div class=\"message-box-bg-image bg-fill fill\" ><\/div><div class=\"message-box-bg-overlay bg-fill fill\" ><\/div><div class=\"container relative\"><div class=\"inner last-reset\">\n<div class=\"row align-middle align-center\"  id=\"row-1883721664\">\n\n\t<div id=\"col-2090166753\" class=\"col small-12 large-12\"  >\n\t\t\t\t<div class=\"col-inner\"  >\n\t\t\t\n\t\t\t\n<h2>Einige unserer Kunden sind:<\/h2>\n<div class=\"is-divider divider clearfix\" ><\/div>\n\t\t<\/div>\n\t\t\t\t\t<\/div>\n\n\t\n\n\t<div id=\"col-1328903691\" class=\"col medium-4 small-12 large-4\"  >\n\t\t\t\t<div class=\"col-inner\"  >\n\t\t\t\n\t\t\t\n<p>Lafarge &#8211; Holcim Gruppe<br \/>\nCemex<br \/>\nHeidelberg<br \/>\nVotorantim<br \/>\nMolins Gruppe<br \/>\nCementos Portland Valderrivas Gruppe<\/p>\n\t\t<\/div>\n\t\t\t\t\t<\/div>\n\n\t\n\n\t<div id=\"col-1878239375\" class=\"col medium-4 small-12 large-4\"  >\n\t\t\t\t<div class=\"col-inner\"  >\n\t\t\t\n\t\t\t\n<p>OHL Industrial<br \/>\nStotz Fredenhagen<br \/>\nVolkswagen Gruppe<br \/>\nPSA Peugeot &#8211; Citroen<br \/>\nRenault &#8211; Nissan Gruppe<br \/>\nGeneral Motors<br \/>\nD\u00fcrr Gruppe<\/p>\n\t\t<\/div>\n\t\t\t\t\t<\/div>\n\n\t\n\n\t<div id=\"col-1199214079\" class=\"col medium-4 small-12 large-4\"  >\n\t\t\t\t<div class=\"col-inner\"  >\n\t\t\t\n\t\t\t\n<p>Asas Systems<br \/>\nEndesa &#8211; Enel<br \/>\nGas Natural<br \/>\nAgbar Gruppe<br \/>\nSchindler<br \/>\nThyssenKrupp<\/p>\n\t\t<\/div>\n\t\t\t\t\t<\/div>\n\n\t\n<\/div>\n<\/div><\/div><\/div>\n\t\t<\/div>\n\n\t\t\n<style>\n#section_772972056 {\n  padding-top: 60px;\n  padding-bottom: 60px;\n  background-color: rgb(255, 255, 255);\n}\n#section_772972056 .section-bg-overlay {\n  background-color: rgba(255, 255, 255, 0.85);\n}\n<\/style>\n\t<\/section>\n\t\n<div class=\"is-divider divider clearfix\" ><\/div>\n","protected":false},"excerpt":{"rendered":"Hersteller von Ketten und Spezialr\u00e4dern Cadersa ist heute eines der f\u00fchrenden Unternehmens in Spanien in der Herstellung von F\u00f6rderketten f\u00fcr alle Bereiche der Industrie. Mit mehr als 50 Jahren Erfahrung Spezialisten f\u00fcr Ersatzteile und Erstausr\u00fcstung der Industrie im Allgemeinen. F\u00fchrendes Unternehmen Cadersa ist heute eines der f\u00fchrenden Unternehmens in Spanien in der Herstellung von F\u00f6rderketten [...]","protected":false},"author":1,"featured_media":0,"parent":0,"menu_order":1,"comment_status":"closed","ping_status":"closed","template":"page-blank.php","meta":{"footnotes":""},"class_list":["post-608","page","type-page","status-publish","hentry"],"_links":{"self":[{"href":"https:\/\/www.cadersa.es\/de\/wp-json\/wp\/v2\/pages\/608","targetHints":{"allow":["GET"]}}],"collection":[{"href":"https:\/\/www.cadersa.es\/de\/wp-json\/wp\/v2\/pages"}],"about":[{"href":"https:\/\/www.cadersa.es\/de\/wp-json\/wp\/v2\/types\/page"}],"author":[{"embeddable":true,"href":"https:\/\/www.cadersa.es\/de\/wp-json\/wp\/v2\/users\/1"}],"replies":[{"embeddable":true,"href":"https:\/\/www.cadersa.es\/de\/wp-json\/wp\/v2\/comments?post=608"}],"version-history":[{"count":51,"href":"https:\/\/www.cadersa.es\/de\/wp-json\/wp\/v2\/pages\/608\/revisions"}],"predecessor-version":[{"id":2220,"href":"https:\/\/www.cadersa.es\/de\/wp-json\/wp\/v2\/pages\/608\/revisions\/2220"}],"wp:attachment":[{"href":"https:\/\/www.cadersa.es\/de\/wp-json\/wp\/v2\/media?parent=608"}],"curies":[{"name":"wp","href":"https:\/\/api.w.org\/{rel}","templated":true}]}}