{"id":606,"date":"2018-02-07T14:32:07","date_gmt":"2018-02-07T14:32:07","guid":{"rendered":"http:\/\/www.cadersa.es\/web\/catalogo-general\/"},"modified":"2018-03-26T13:43:57","modified_gmt":"2018-03-26T13:43:57","slug":"%d0%be%d1%81%d0%bd%d0%be%d0%b2%d0%bd%d0%be%d0%b9-%d0%ba%d0%b0%d1%82%d0%b0%d0%bb%d0%be%d0%b3","status":"publish","type":"page","link":"https:\/\/www.cadersa.es\/ru\/%d0%be%d1%81%d0%bd%d0%be%d0%b2%d0%bd%d0%be%d0%b9-%d0%ba%d0%b0%d1%82%d0%b0%d0%bb%d0%be%d0%b3\/","title":{"rendered":"\u041e\u0421\u041d\u041e\u0412\u041d\u041e\u0419 \u041a\u0410\u0422\u0410\u041b\u041e\u0413"},"content":{"rendered":"<div class=\"wpb-content-wrapper\">[vc_row][vc_column width=&#187;1\/2&#8243;][vc_column_text]\n<h2>\u0426\u0415\u041f\u0418<\/h2>\n<ul>\n<li><a href=\"https:\/\/www.cadersa.es\/ru\/%D0%BE%D1%81%D0%BD%D0%BE%D0%B2%D0%BD%D0%BE%D0%B9-%D0%BA%D0%B0%D1%82%D0%B0%D0%BB%D0%BE%D0%B3\/%D0%BA%D0%BE%D0%BD%D0%B2%D0%B5%D0%B9%D0%B5%D1%80%D0%BD%D1%8B%D0%B5-%D1%86%D0%B5%D0%BF%D0%B8\/\">\u041a\u043e\u043d\u0432\u0435\u0439\u0435\u0440\u043d\u044b\u0435 \u0446\u0435\u043f\u0438<\/a><\/li>\n<li><a href=\"https:\/\/www.cadersa.es\/ru\/%D0%BE%D1%81%D0%BD%D0%BE%D0%B2%D0%BD%D0%BE%D0%B9-%D0%BA%D0%B0%D1%82%D0%B0%D0%BB%D0%BE%D0%B3\/%D1%86%D0%B5%D0%BF%D0%B8-%D1%80%D0%B5%D0%B4%D0%BB%D0%B5%D1%80%D1%8B\/\">\u0426\u0435\u043f\u0438 \u0440\u0435\u0434\u043b\u0435\u0440\u044b<\/a><\/li>\n<li><a href=\"https:\/\/www.cadersa.es\/ru\/%D0%BE%D1%81%D0%BD%D0%BE%D0%B2%D0%BD%D0%BE%D0%B9-%D0%BA%D0%B0%D1%82%D0%B0%D0%BB%D0%BE%D0%B3\/%D0%BA%D0%BE%D0%BB%D0%B5%D0%BD%D1%87%D0%B0%D1%82%D1%8B%D0%B5-%D1%86%D0%B5%D0%BF%D0%B8\/\">\u041a\u043e\u043b\u0435\u043d\u0447\u0430\u0442\u044b\u0435 \u0446\u0435\u043f\u0438<\/a><\/li>\n<li><a href=\"https:\/\/www.cadersa.es\/ru\/%D0%BE%D1%81%D0%BD%D0%BE%D0%B2%D0%BD%D0%BE%D0%B9-%D0%BA%D0%B0%D1%82%D0%B0%D0%BB%D0%BE%D0%B3\/%D1%86%D0%B5%D0%BF%D0%B8-%D0%B3%D0%B0%D0%BB%D0%BB%D1%8F\/\">\u0426\u0435\u043f\u0438 \u0413\u0430\u043b\u043b\u044f<\/a><\/li>\n<li><a href=\"https:\/\/www.cadersa.es\/ru\/%D0%BE%D1%81%D0%BD%D0%BE%D0%B2%D0%BD%D0%BE%D0%B9-%D0%BA%D0%B0%D1%82%D0%B0%D0%BB%D0%BE%D0%B3\/%D0%B1%D0%BB%D0%BE%D0%BA%D1%87%D0%B5%D0%B9%D0%BD\/\">\u0411\u043b\u043e\u043a\u0447\u0435\u0439\u043d<\/a><\/li>\n<li><a href=\"https:\/\/www.cadersa.es\/ru\/%D0%BE%D1%81%D0%BD%D0%BE%D0%B2%D0%BD%D0%BE%D0%B9-%D0%BA%D0%B0%D1%82%D0%B0%D0%BB%D0%BE%D0%B3\/%D1%86%D0%B5%D0%BF%D0%B8-%D1%84%D0%BB%D0%B5%D0%B9%D0%B5%D1%80%D0%B0\/\">\u0426\u0435\u043f\u0438 \u0424\u043b\u0435\u0439\u0435\u0440\u0430<\/a><\/li>\n<li><a href=\"https:\/\/www.cadersa.es\/ru\/%D0%BE%D1%81%D0%BD%D0%BE%D0%B2%D0%BD%D0%BE%D0%B9-%D0%BA%D0%B0%D1%82%D0%B0%D0%BB%D0%BE%D0%B3\/%D0%B7%D0%B2%D0%B5%D0%BD%D1%87%D0%B0%D1%82%D1%8B%D0%B5-%D1%86%D0%B5%D0%BF%D0%B8\/\">\u0417\u0432\u0435\u043d\u0447\u0430\u0442\u044b\u0435 \u0446\u0435\u043f\u0438<\/a><\/li>\n<li><a href=\"https:\/\/www.cadersa.es\/ru\/%D0%BE%D1%81%D0%BD%D0%BE%D0%B2%D0%BD%D0%BE%D0%B9-%D0%BA%D0%B0%D1%82%D0%B0%D0%BB%D0%BE%D0%B3\/%D0%B2%D0%BE%D0%B7%D0%B4%D1%83%D1%88%D0%BD%D1%8B%D0%B5-%D1%82%D1%80%D0%B0%D0%BD%D1%81%D0%BF%D0%BE%D1%80%D1%82%D0%BD%D1%8B%D0%B5-%D1%86%D0%B5%D0%BF%D0%B8\/\">\u0412\u043e\u0437\u0434\u0443\u0448\u043d\u044b\u0435 \u0442\u0440\u0430\u043d\u0441\u043f\u043e\u0440\u0442\u043d\u044b\u0435 \u0446\u0435\u043f\u0438<\/a><\/li>\n<li><a href=\"https:\/\/www.cadersa.es\/ru\/%D0%BE%D1%81%D0%BD%D0%BE%D0%B2%D0%BD%D0%BE%D0%B9-%D0%BA%D0%B0%D1%82%D0%B0%D0%BB%D0%BE%D0%B3\/%D1%82%D1%80%D0%B0%D0%BD%D1%81%D0%BC%D0%B8%D1%81%D1%81%D0%B8%D0%BE%D0%BD%D0%BD%D1%8B%D0%B5-%D1%86%D0%B5%D0%BF%D0%B8\/\">\u0422\u0440\u0430\u043d\u0441\u043c\u0438\u0441\u0441\u0438\u043e\u043d\u043d\u044b\u0435 \u0446\u0435\u043f\u0438<\/a><\/li>\n<li><a href=\"https:\/\/www.cadersa.es\/ru\/%D0%BE%D1%81%D0%BD%D0%BE%D0%B2%D0%BD%D0%BE%D0%B9-%D0%BA%D0%B0%D1%82%D0%B0%D0%BB%D0%BE%D0%B3\/%D1%80%D0%BE%D0%BB%D0%B8%D0%BA%D0%BE%D0%B2%D1%8B%D0%B5-%D1%86%D0%B5%D0%BF%D0%B8\/\">\u0420\u043e\u043b\u0438\u043a\u043e\u0432\u044b\u0435 \u0446\u0435\u043f\u0438<\/a><\/li>\n<\/ul>\n[\/vc_column_text][\/vc_column][vc_column width=&#187;1\/2&#8243;][vc_column_text]\n<h2>\u0426\u0435\u043f\u0438, \u043a\u043e\u043b\u0435\u0441\u0430 \u0438 \u0448\u0435\u0441\u0442\u0435\u0440\u043d\u0438<\/h2>\n<ul>\n<li><a href=\"\/?p=1223\">C\u00e1lculo di\u00e1metro primitivo de ruedas y pi\u00f1ones<\/a><\/li>\n<li><a href=\"\/?p=1236\">Ruedas dentadas. Datos t\u00e9cnicos DIN-8187<\/a><\/li>\n<\/ul>\n[\/vc_column_text][\/vc_column][\/vc_row]\n<\/div>","protected":false},"excerpt":{"rendered":"[vc_row][vc_column width=&#187;1\/2&#8243;][vc_column_text] \u0426\u0415\u041f\u0418 \u041a\u043e\u043d\u0432\u0435\u0439\u0435\u0440\u043d\u044b\u0435 \u0446\u0435\u043f\u0438 \u0426\u0435\u043f\u0438 \u0440\u0435\u0434\u043b\u0435\u0440\u044b \u041a\u043e\u043b\u0435\u043d\u0447\u0430\u0442\u044b\u0435 \u0446\u0435\u043f\u0438 \u0426\u0435\u043f\u0438 \u0413\u0430\u043b\u043b\u044f \u0411\u043b\u043e\u043a\u0447\u0435\u0439\u043d \u0426\u0435\u043f\u0438 \u0424\u043b\u0435\u0439\u0435\u0440\u0430 \u0417\u0432\u0435\u043d\u0447\u0430\u0442\u044b\u0435 \u0446\u0435\u043f\u0438 \u0412\u043e\u0437\u0434\u0443\u0448\u043d\u044b\u0435 \u0442\u0440\u0430\u043d\u0441\u043f\u043e\u0440\u0442\u043d\u044b\u0435 \u0446\u0435\u043f\u0438 \u0422\u0440\u0430\u043d\u0441\u043c\u0438\u0441\u0441\u0438\u043e\u043d\u043d\u044b\u0435 \u0446\u0435\u043f\u0438 \u0420\u043e\u043b\u0438\u043a\u043e\u0432\u044b\u0435 \u0446\u0435\u043f\u0438 [\/vc_column_text][\/vc_column][vc_column width=&#187;1\/2&#8243;][vc_column_text] \u0426\u0435\u043f\u0438, \u043a\u043e\u043b\u0435\u0441\u0430 \u0438 \u0448\u0435\u0441\u0442\u0435\u0440\u043d\u0438 C\u00e1lculo di\u00e1metro primitivo de ruedas y pi\u00f1ones Ruedas dentadas. Datos t\u00e9cnicos DIN-8187 [\/vc_column_text][\/vc_column][\/vc_row]\n","protected":false},"author":1,"featured_media":0,"parent":0,"menu_order":0,"comment_status":"closed","ping_status":"closed","template":"","meta":{"footnotes":""},"class_list":["post-606","page","type-page","status-publish","hentry"],"_links":{"self":[{"href":"https:\/\/www.cadersa.es\/ru\/wp-json\/wp\/v2\/pages\/606","targetHints":{"allow":["GET"]}}],"collection":[{"href":"https:\/\/www.cadersa.es\/ru\/wp-json\/wp\/v2\/pages"}],"about":[{"href":"https:\/\/www.cadersa.es\/ru\/wp-json\/wp\/v2\/types\/page"}],"author":[{"embeddable":true,"href":"https:\/\/www.cadersa.es\/ru\/wp-json\/wp\/v2\/users\/1"}],"replies":[{"embeddable":true,"href":"https:\/\/www.cadersa.es\/ru\/wp-json\/wp\/v2\/comments?post=606"}],"version-history":[{"count":21,"href":"https:\/\/www.cadersa.es\/ru\/wp-json\/wp\/v2\/pages\/606\/revisions"}],"predecessor-version":[{"id":1964,"href":"https:\/\/www.cadersa.es\/ru\/wp-json\/wp\/v2\/pages\/606\/revisions\/1964"}],"wp:attachment":[{"href":"https:\/\/www.cadersa.es\/ru\/wp-json\/wp\/v2\/media?parent=606"}],"curies":[{"name":"wp","href":"https:\/\/api.w.org\/{rel}","templated":true}]}}